{"id":43,"date":"2026-04-26T22:42:31","date_gmt":"2026-04-26T22:42:31","guid":{"rendered":"http:\/\/cmgujta.cluster100.hosting.ovh.net\/index.php\/blog\/"},"modified":"2026-04-27T15:56:26","modified_gmt":"2026-04-27T15:56:26","slug":"blog","status":"publish","type":"page","link":"https:\/\/lyoncoproetanche.fr\/index.php\/blog\/","title":{"rendered":"Mentions l\u00e9gales"},"content":{"rendered":"\n<h2 class=\"wp-block-heading\"><strong>\u00c9diteur du site<\/strong><\/h2>\n\n\n\n<p>Le pr\u00e9sent site internet <strong>lyoncoproetanche.fr<\/strong> est \u00e9dit\u00e9 par :<\/p>\n\n\n\n<p><strong>LYON COPRO ETANCHE<\/strong><br>RCS Lyon : <strong>102 642 857 R.C.S LYON<\/strong><br>Adresse du si\u00e8ge : <strong>56 avenue Jean Jaur\u00e8s, 69800 Saint-Priest<\/strong><\/p>\n\n\n\n<p>T\u00e9l\u00e9phone : <strong>04 26 09 32 06<\/strong><br>E-mail : <strong><a href=\"mailto:contact@lyoncoproetanche.fr\">contact@lyoncoproetanche.fr<\/a><\/strong><\/p>\n\n\n\n<h2 class=\"wp-block-heading\"><strong>Activit\u00e9<\/strong><\/h2>\n\n\n\n<p>LYON COPRO ETANCHE exerce les activit\u00e9s suivantes :<\/p>\n\n\n\n<ul class=\"wp-block-list\">\n<li>Travaux d\u2019\u00e9tanch\u00e9ification dans tous locaux<\/li>\n\n\n\n<li>Ing\u00e9nierie et \u00e9tude technique en \u00e9tanch\u00e9it\u00e9<\/li>\n\n\n\n<li>Travaux de bardage de tous b\u00e2timents<\/li>\n\n\n\n<li>Travaux de couverture de tous b\u00e2timents<\/li>\n<\/ul>\n\n\n\n<h2 class=\"wp-block-heading\"><strong>Directeur de publication<\/strong><\/h2>\n\n\n\n<p>Le directeur de publication du site est <strong>LYON COPRO ETANCHE<\/strong>.<\/p>\n\n\n\n<h2 class=\"wp-block-heading\"><strong>H\u00e9bergement<\/strong><\/h2>\n\n\n\n<p>Le site est h\u00e9berg\u00e9 par :<strong>OVHcloud<\/strong><br>2 rue Kellermann<br>59100 Roubaix<br>France<br>Site : <a href=\"https:\/\/www.ovhcloud.com\" target=\"_blank\" rel=\"noopener\">https:\/\/www.ovhcloud.com<\/a><\/p>\n\n\n\n<h2 class=\"wp-block-heading\"><strong>Propri\u00e9t\u00e9 intellectuelle<\/strong><\/h2>\n\n\n\n<p>L\u2019ensemble des contenus pr\u00e9sents sur ce site (textes, images, logo, graphismes, structure, design, etc.) est la propri\u00e9t\u00e9 exclusive de LYON COPRO ETANCHE, sauf mention contraire.<\/p>\n\n\n\n<p>Toute reproduction, diffusion ou utilisation sans autorisation pr\u00e9alable est interdite.<\/p>\n\n\n\n<h2 class=\"wp-block-heading\"><strong>Responsabilit\u00e9<\/strong><\/h2>\n\n\n\n<p>LYON COPRO ETANCHE met tout en \u0153uvre pour fournir des informations exactes et \u00e0 jour sur ce site. Toutefois, aucune garantie n\u2019est apport\u00e9e quant \u00e0 l\u2019exactitude, l\u2019exhaustivit\u00e9 ou l\u2019actualit\u00e9 des contenus.<\/p>\n\n\n\n<p>L\u2019utilisateur reste seul responsable de l\u2019usage des informations consult\u00e9es sur le site.<\/p>\n\n\n\n<h2 class=\"wp-block-heading\"><strong>Donn\u00e9es personnelles<\/strong><\/h2>\n\n\n\n<p>Les informations collect\u00e9es via les formulaires du site sont utilis\u00e9es uniquement dans le cadre des demandes de contact, devis ou \u00e9changes commerciaux.<\/p>\n\n\n\n<p>Aucune donn\u00e9e personnelle n\u2019est vendue ni c\u00e9d\u00e9e \u00e0 des tiers.<\/p>\n\n\n\n<p>Conform\u00e9ment \u00e0 la r\u00e9glementation applicable, vous pouvez demander l\u2019acc\u00e8s, la rectification ou la suppression de vos donn\u00e9es en \u00e9crivant \u00e0 :<strong><a href=\"mailto:contact@lyoncoproetanche.fr\">contact@lyoncoproetanche.fr<\/a><\/strong><\/p>\n\n\n\n<h2 class=\"wp-block-heading\"><strong>Cookies<\/strong><\/h2>\n\n\n\n<p>Le site peut utiliser des cookies techniques n\u00e9cessaires \u00e0 son bon fonctionnement ainsi que des cookies de mesure d\u2019audience.<\/p>\n\n\n\n<p>L\u2019utilisateur peut configurer son navigateur pour refuser les cookies.<\/p>\n","protected":false},"excerpt":{"rendered":"<p>\u00c9diteur du site Le pr\u00e9sent site internet lyoncoproetanche.fr est \u00e9dit\u00e9 par : LYON COPRO ETANCHERCS Lyon : 102 642 857 R.C.S LYONAdresse du si\u00e8ge : 56 avenue Jean Jaur\u00e8s, 69800 Saint-Priest T\u00e9l\u00e9phone : 04 26 09 32 06E-mail : contact@lyoncoproetanche.fr Activit\u00e9 LYON COPRO ETANCHE exerce les activit\u00e9s suivantes : Directeur de publication Le directeur de [&hellip;]<\/p>\n","protected":false},"author":1,"featured_media":0,"parent":0,"menu_order":0,"comment_status":"closed","ping_status":"closed","template":"","meta":{"footnotes":""},"class_list":["post-43","page","type-page","status-publish","hentry"],"_links":{"self":[{"href":"https:\/\/lyoncoproetanche.fr\/index.php\/wp-json\/wp\/v2\/pages\/43","targetHints":{"allow":["GET"]}}],"collection":[{"href":"https:\/\/lyoncoproetanche.fr\/index.php\/wp-json\/wp\/v2\/pages"}],"about":[{"href":"https:\/\/lyoncoproetanche.fr\/index.php\/wp-json\/wp\/v2\/types\/page"}],"author":[{"embeddable":true,"href":"https:\/\/lyoncoproetanche.fr\/index.php\/wp-json\/wp\/v2\/users\/1"}],"replies":[{"embeddable":true,"href":"https:\/\/lyoncoproetanche.fr\/index.php\/wp-json\/wp\/v2\/comments?post=43"}],"version-history":[{"count":5,"href":"https:\/\/lyoncoproetanche.fr\/index.php\/wp-json\/wp\/v2\/pages\/43\/revisions"}],"predecessor-version":[{"id":170,"href":"https:\/\/lyoncoproetanche.fr\/index.php\/wp-json\/wp\/v2\/pages\/43\/revisions\/170"}],"wp:attachment":[{"href":"https:\/\/lyoncoproetanche.fr\/index.php\/wp-json\/wp\/v2\/media?parent=43"}],"curies":[{"name":"wp","href":"https:\/\/api.w.org\/{rel}","templated":true}]}}